{"id":988470,"date":"2024-06-29T13:26:09","date_gmt":"2024-06-29T13:26:09","guid":{"rendered":"https:\/\/signotech.com.br\/2024\/?page_id=988470"},"modified":"2024-06-29T13:58:44","modified_gmt":"2024-06-29T13:58:44","slug":"projetos-de-sucesso","status":"publish","type":"page","link":"https:\/\/signotech.com.br\/?page_id=988470","title":{"rendered":"Projetos de sucesso"},"content":{"rendered":"\t\t<div data-elementor-type=\"wp-page\" data-elementor-id=\"988470\" class=\"elementor elementor-988470\" data-elementor-post-type=\"page\">\n\t\t\t\t<div class=\"elementor-element elementor-element-18cbb13 e-flex e-con-boxed e-con e-parent\" data-id=\"18cbb13\" data-element_type=\"container\">\n\t\t\t\t\t<div class=\"e-con-inner\">\n\t\t\t\t<div class=\"elementor-element elementor-element-e1898d7 elementor-widget elementor-widget-heading\" data-id=\"e1898d7\" data-element_type=\"widget\" data-widget_type=\"heading.default\">\n\t\t\t\t<div class=\"elementor-widget-container\">\n\t\t\t<style>\/*! elementor - v3.22.0 - 17-06-2024 *\/\n.elementor-heading-title{padding:0;margin:0;line-height:1}.elementor-widget-heading .elementor-heading-title[class*=elementor-size-]>a{color:inherit;font-size:inherit;line-height:inherit}.elementor-widget-heading .elementor-heading-title.elementor-size-small{font-size:15px}.elementor-widget-heading .elementor-heading-title.elementor-size-medium{font-size:19px}.elementor-widget-heading .elementor-heading-title.elementor-size-large{font-size:29px}.elementor-widget-heading .elementor-heading-title.elementor-size-xl{font-size:39px}.elementor-widget-heading .elementor-heading-title.elementor-size-xxl{font-size:59px}<\/style><h1 class=\"elementor-heading-title elementor-size-default\">Projetos de sucesso<\/h1>\t\t<\/div>\n\t\t\t\t<\/div>\n\t\t\t\t<div class=\"elementor-element elementor-element-e7681e2 elementor-widget elementor-widget-spacer\" data-id=\"e7681e2\" data-element_type=\"widget\" data-widget_type=\"spacer.default\">\n\t\t\t\t<div class=\"elementor-widget-container\">\n\t\t\t<style>\/*! elementor - v3.22.0 - 17-06-2024 *\/\n.elementor-column .elementor-spacer-inner{height:var(--spacer-size)}.e-con{--container-widget-width:100%}.e-con-inner>.elementor-widget-spacer,.e-con>.elementor-widget-spacer{width:var(--container-widget-width,var(--spacer-size));--align-self:var(--container-widget-align-self,initial);--flex-shrink:0}.e-con-inner>.elementor-widget-spacer>.elementor-widget-container,.e-con>.elementor-widget-spacer>.elementor-widget-container{height:100%;width:100%}.e-con-inner>.elementor-widget-spacer>.elementor-widget-container>.elementor-spacer,.e-con>.elementor-widget-spacer>.elementor-widget-container>.elementor-spacer{height:100%}.e-con-inner>.elementor-widget-spacer>.elementor-widget-container>.elementor-spacer>.elementor-spacer-inner,.e-con>.elementor-widget-spacer>.elementor-widget-container>.elementor-spacer>.elementor-spacer-inner{height:var(--container-widget-height,var(--spacer-size))}.e-con-inner>.elementor-widget-spacer.elementor-widget-empty,.e-con>.elementor-widget-spacer.elementor-widget-empty{position:relative;min-height:22px;min-width:22px}.e-con-inner>.elementor-widget-spacer.elementor-widget-empty .elementor-widget-empty-icon,.e-con>.elementor-widget-spacer.elementor-widget-empty .elementor-widget-empty-icon{position:absolute;top:0;bottom:0;left:0;right:0;margin:auto;padding:0;width:22px;height:22px}<\/style>\t\t<div class=\"elementor-spacer\">\n\t\t\t<div class=\"elementor-spacer-inner\"><\/div>\n\t\t<\/div>\n\t\t\t\t<\/div>\n\t\t\t\t<\/div>\n\t\t<div class=\"elementor-element elementor-element-12b06bd e-con-full e-flex e-con e-child\" data-id=\"12b06bd\" data-element_type=\"container\">\n\t\t\t\t<div class=\"vamtam-has-theme-widget-styles elementor-element elementor-element-0f6299f elementor-grid-3 elementor-grid-tablet-2 elementor-grid-mobile-1 elementor-posts--thumbnail-top load-more-align-center elementor-widget elementor-widget-posts\" data-id=\"0f6299f\" data-element_type=\"widget\" data-settings=\"{&quot;pagination_type&quot;:&quot;load_more_on_click&quot;,&quot;vamtam_classic_columns&quot;:&quot;3&quot;,&quot;vamtam_classic_columns_tablet&quot;:&quot;2&quot;,&quot;vamtam_classic_columns_mobile&quot;:&quot;1&quot;,&quot;vamtam_classic_row_gap&quot;:{&quot;unit&quot;:&quot;px&quot;,&quot;size&quot;:35,&quot;sizes&quot;:[]},&quot;vamtam_classic_row_gap_tablet&quot;:{&quot;unit&quot;:&quot;px&quot;,&quot;size&quot;:&quot;&quot;,&quot;sizes&quot;:[]},&quot;vamtam_classic_row_gap_mobile&quot;:{&quot;unit&quot;:&quot;px&quot;,&quot;size&quot;:&quot;&quot;,&quot;sizes&quot;:[]},&quot;load_more_spinner&quot;:{&quot;value&quot;:&quot;fas fa-spinner&quot;,&quot;library&quot;:&quot;fa-solid&quot;}}\" data-widget_type=\"posts.vamtam_classic\">\n\t\t\t\t<div class=\"elementor-widget-container\">\n\t\t\t<link rel=\"stylesheet\" href=\"https:\/\/signotech.com.br\/wp-content\/plugins\/elementor-pro\/assets\/css\/widget-posts.min.css\">\t\t<div class=\"elementor-posts-container elementor-posts elementor-posts--skin-vamtam_classic elementor-grid\">\n\t\t\t\t<article class=\"elementor-post elementor-grid-item post-988770 post type-post status-publish format-standard has-post-thumbnail hentry category-home category-sites category-digital-transformation tag-blog tag-ecommerce tag-portal tag-react-native tag-site\">\n\t\t\t\t<a class=\"elementor-post__thumbnail__link\" href=\"https:\/\/signotech.com.br\/?p=988770\" tabindex=\"-1\" >\n\t\t\t<div class=\"elementor-post__thumbnail\"><img fetchpriority=\"high\" decoding=\"async\" width=\"300\" height=\"199\" src=\"https:\/\/signotech.com.br\/wp-content\/uploads\/2025\/12\/lide-svg-site.svg\" class=\"attachment-medium size-medium wp-image-988772\" alt=\"\" \/><\/div>\n\t\t<\/a>\n\t\t\t\t\t<div class=\"elementor-post__meta-data\">\n\t\t\t\t\t\t<span class=\"elementor-post-date\">\n\t\t\t10 de dezembro de 2025\t\t<\/span>\n\t\t\t\t\t<\/div>\n\t\t\t\t\t<div class=\"elementor-post__text\">\n\t\t\t\t<h3 class=\"elementor-post__title\">\n\t\t\t<a href=\"https:\/\/signotech.com.br\/?p=988770\" >\n\t\t\t\tComo a transforma\u00e7\u00e3o digital da LIDE est\u00e1 elevando a experi\u00eancia de gest\u00e3o e relacionamento\t\t\t<\/a>\n\t\t<\/h3>\n\t\t\n\t\t<a class=\"elementor-post__read-more\" href=\"https:\/\/signotech.com.br\/?p=988770\" aria-label=\"Leia mais sobre Como a transforma\u00e7\u00e3o digital da LIDE est\u00e1 elevando a experi\u00eancia de gest\u00e3o e relacionamento\" tabindex=\"-1\" >\n\t\t\tLeia mais \u00bb\t\t<\/a>\n\n\t\t\t\t<\/div>\n\t\t\t\t<\/article>\n\t\t\t\t<article class=\"elementor-post elementor-grid-item post-988642 post type-post status-publish format-standard has-post-thumbnail hentry category-home category-sites category-digital-transformation tag-ecommerce tag-full-service tag-portal tag-react-native tag-recorrencia tag-site\">\n\t\t\t\t<a class=\"elementor-post__thumbnail__link\" href=\"https:\/\/signotech.com.br\/?p=988642\" tabindex=\"-1\" >\n\t\t\t<div class=\"elementor-post__thumbnail\"><img decoding=\"async\" width=\"300\" height=\"199\" src=\"https:\/\/signotech.com.br\/wp-content\/uploads\/2025\/09\/logo-Bec-1.svg\" class=\"attachment-medium size-medium wp-image-988751\" alt=\"\" \/><\/div>\n\t\t<\/a>\n\t\t\t\t\t<div class=\"elementor-post__meta-data\">\n\t\t\t\t\t\t<span class=\"elementor-post-date\">\n\t\t\t19 de setembro de 2025\t\t<\/span>\n\t\t\t\t\t<\/div>\n\t\t\t\t\t<div class=\"elementor-post__text\">\n\t\t\t\t<h3 class=\"elementor-post__title\">\n\t\t\t<a href=\"https:\/\/signotech.com.br\/?p=988642\" >\n\t\t\t\tConecta S\u00f3cio no Futebol: BEC Marca Hist\u00f3ria como Primeiro Clube a Adotar Nossa Plataforma Full-Service\t\t\t<\/a>\n\t\t<\/h3>\n\t\t\n\t\t<a class=\"elementor-post__read-more\" href=\"https:\/\/signotech.com.br\/?p=988642\" aria-label=\"Leia mais sobre Conecta S\u00f3cio no Futebol: BEC Marca Hist\u00f3ria como Primeiro Clube a Adotar Nossa Plataforma Full-Service\" tabindex=\"-1\" >\n\t\t\tLeia mais \u00bb\t\t<\/a>\n\n\t\t\t\t<\/div>\n\t\t\t\t<\/article>\n\t\t\t\t<article class=\"elementor-post elementor-grid-item post-988627 post type-post status-publish format-standard has-post-thumbnail hentry category-sites category-digital-transformation tag-blog tag-ecommerce tag-portal tag-react-native tag-site\">\n\t\t\t\t<a class=\"elementor-post__thumbnail__link\" href=\"https:\/\/signotech.com.br\/?p=988627\" tabindex=\"-1\" >\n\t\t\t<div class=\"elementor-post__thumbnail\"><img decoding=\"async\" width=\"300\" height=\"147\" src=\"https:\/\/signotech.com.br\/wp-content\/uploads\/2024\/11\/Group-1-300x147.webp\" class=\"attachment-medium size-medium wp-image-988636\" alt=\"\" srcset=\"https:\/\/signotech.com.br\/wp-content\/uploads\/2024\/11\/Group-1-300x147.webp 300w, https:\/\/signotech.com.br\/wp-content\/uploads\/2024\/11\/Group-1.webp 761w\" sizes=\"(max-width: 300px) 100vw, 300px\" \/><\/div>\n\t\t<\/a>\n\t\t\t\t\t<div class=\"elementor-post__meta-data\">\n\t\t\t\t\t\t<span class=\"elementor-post-date\">\n\t\t\t8 de novembro de 2024\t\t<\/span>\n\t\t\t\t\t<\/div>\n\t\t\t\t\t<div class=\"elementor-post__text\">\n\t\t\t\t<h3 class=\"elementor-post__title\">\n\t\t\t<a href=\"https:\/\/signotech.com.br\/?p=988627\" >\n\t\t\t\tBlocos Din\u00e2micos, a revolu\u00e7\u00e3o em assinaturas de plugins para SketchUp\t\t\t<\/a>\n\t\t<\/h3>\n\t\t\n\t\t<a class=\"elementor-post__read-more\" href=\"https:\/\/signotech.com.br\/?p=988627\" aria-label=\"Leia mais sobre Blocos Din\u00e2micos, a revolu\u00e7\u00e3o em assinaturas de plugins para SketchUp\" tabindex=\"-1\" >\n\t\t\tLeia mais \u00bb\t\t<\/a>\n\n\t\t\t\t<\/div>\n\t\t\t\t<\/article>\n\t\t\t\t<article class=\"elementor-post elementor-grid-item post-2463 post type-post status-publish format-standard has-post-thumbnail hentry category-aplicativos category-home tag-net tag-arquitetura tag-consultoria\">\n\t\t\t\t<a class=\"elementor-post__thumbnail__link\" href=\"https:\/\/signotech.com.br\/?p=2463\" tabindex=\"-1\" >\n\t\t\t<div class=\"elementor-post__thumbnail\"><img loading=\"lazy\" decoding=\"async\" width=\"300\" height=\"199\" src=\"https:\/\/signotech.com.br\/wp-content\/uploads\/2023\/03\/Logo-Site-Cinemark.svg\" class=\"attachment-medium size-medium wp-image-988759\" alt=\"\" \/><\/div>\n\t\t<\/a>\n\t\t\t\t\t<div class=\"elementor-post__meta-data\">\n\t\t\t\t\t\t<span class=\"elementor-post-date\">\n\t\t\t20 de mar\u00e7o de 2023\t\t<\/span>\n\t\t\t\t\t<\/div>\n\t\t\t\t\t<div class=\"elementor-post__text\">\n\t\t\t\t<h3 class=\"elementor-post__title\">\n\t\t\t<a href=\"https:\/\/signotech.com.br\/?p=2463\" >\n\t\t\t\tCinemark, nova arquitetura de processamento de dados integrado\t\t\t<\/a>\n\t\t<\/h3>\n\t\t\n\t\t<a class=\"elementor-post__read-more\" href=\"https:\/\/signotech.com.br\/?p=2463\" aria-label=\"Leia mais sobre Cinemark, nova arquitetura de processamento de dados integrado\" tabindex=\"-1\" >\n\t\t\tLeia mais \u00bb\t\t<\/a>\n\n\t\t\t\t<\/div>\n\t\t\t\t<\/article>\n\t\t\t\t<article class=\"elementor-post elementor-grid-item post-2458 post type-post status-publish format-standard has-post-thumbnail hentry category-aplicativos category-it-consulting tag-aplicativo tag-consultoria tag-react-native\">\n\t\t\t\t<a class=\"elementor-post__thumbnail__link\" href=\"https:\/\/signotech.com.br\/?p=2458\" tabindex=\"-1\" >\n\t\t\t<div class=\"elementor-post__thumbnail\"><img loading=\"lazy\" decoding=\"async\" width=\"300\" height=\"137\" src=\"https:\/\/signotech.com.br\/wp-content\/uploads\/2024\/06\/sicredi-jpg-300x137.webp\" class=\"attachment-medium size-medium wp-image-988096\" alt=\"\" srcset=\"https:\/\/signotech.com.br\/wp-content\/uploads\/2024\/06\/sicredi-jpg-300x137.webp 300w, https:\/\/signotech.com.br\/wp-content\/uploads\/2024\/06\/sicredi-jpg-768x351.webp 768w, https:\/\/signotech.com.br\/wp-content\/uploads\/2024\/06\/sicredi-jpg.webp 800w\" sizes=\"(max-width: 300px) 100vw, 300px\" \/><\/div>\n\t\t<\/a>\n\t\t\t\t\t<div class=\"elementor-post__meta-data\">\n\t\t\t\t\t\t<span class=\"elementor-post-date\">\n\t\t\t20 de mar\u00e7o de 2023\t\t<\/span>\n\t\t\t\t\t<\/div>\n\t\t\t\t\t<div class=\"elementor-post__text\">\n\t\t\t\t<h3 class=\"elementor-post__title\">\n\t\t\t<a href=\"https:\/\/signotech.com.br\/?p=2458\" >\n\t\t\t\tFacilitando a Vida dos Associados com a Nova Solu\u00e7\u00e3o Digital da Sicredi\t\t\t<\/a>\n\t\t<\/h3>\n\t\t\n\t\t<a class=\"elementor-post__read-more\" href=\"https:\/\/signotech.com.br\/?p=2458\" aria-label=\"Leia mais sobre Facilitando a Vida dos Associados com a Nova Solu\u00e7\u00e3o Digital da Sicredi\" tabindex=\"-1\" >\n\t\t\tLeia mais \u00bb\t\t<\/a>\n\n\t\t\t\t<\/div>\n\t\t\t\t<\/article>\n\t\t\t\t<\/div>\n\t\t\t\t\t<span class=\"e-load-more-spinner\">\n\t\t\t\t<svg aria-hidden=\"true\" class=\"e-font-icon-svg e-fas-spinner\" viewBox=\"0 0 512 512\" xmlns=\"http:\/\/www.w3.org\/2000\/svg\"><path d=\"M304 48c0 26.51-21.49 48-48 48s-48-21.49-48-48 21.49-48 48-48 48 21.49 48 48zm-48 368c-26.51 0-48 21.49-48 48s21.49 48 48 48 48-21.49 48-48-21.49-48-48-48zm208-208c-26.51 0-48 21.49-48 48s21.49 48 48 48 48-21.49 48-48-21.49-48-48-48zM96 256c0-26.51-21.49-48-48-48S0 229.49 0 256s21.49 48 48 48 48-21.49 48-48zm12.922 99.078c-26.51 0-48 21.49-48 48s21.49 48 48 48 48-21.49 48-48c0-26.509-21.491-48-48-48zm294.156 0c-26.51 0-48 21.49-48 48s21.49 48 48 48 48-21.49 48-48c0-26.509-21.49-48-48-48zM108.922 60.922c-26.51 0-48 21.49-48 48s21.49 48 48 48 48-21.49 48-48-21.491-48-48-48z\"><\/path><\/svg>\t\t\t<\/span>\n\t\t\n\t\t\t\t<\/div>\n\t\t\t\t<\/div>\n\t\t\t\t<\/div>\n\t\t\t\t\t<\/div>\n\t\t\t\t<\/div>\n\t\t\t\t<\/div>\n\t\t","protected":false},"excerpt":{"rendered":"<p>Projetos de sucesso<\/p>\n","protected":false},"author":1,"featured_media":0,"parent":0,"menu_order":0,"comment_status":"closed","ping_status":"closed","template":"","meta":{"inline_featured_image":false,"footnotes":""},"class_list":["post-988470","page","type-page","status-publish","hentry"],"_links":{"self":[{"href":"https:\/\/signotech.com.br\/index.php?rest_route=\/wp\/v2\/pages\/988470","targetHints":{"allow":["GET"]}}],"collection":[{"href":"https:\/\/signotech.com.br\/index.php?rest_route=\/wp\/v2\/pages"}],"about":[{"href":"https:\/\/signotech.com.br\/index.php?rest_route=\/wp\/v2\/types\/page"}],"author":[{"embeddable":true,"href":"https:\/\/signotech.com.br\/index.php?rest_route=\/wp\/v2\/users\/1"}],"replies":[{"embeddable":true,"href":"https:\/\/signotech.com.br\/index.php?rest_route=%2Fwp%2Fv2%2Fcomments&post=988470"}],"version-history":[{"count":18,"href":"https:\/\/signotech.com.br\/index.php?rest_route=\/wp\/v2\/pages\/988470\/revisions"}],"predecessor-version":[{"id":988496,"href":"https:\/\/signotech.com.br\/index.php?rest_route=\/wp\/v2\/pages\/988470\/revisions\/988496"}],"wp:attachment":[{"href":"https:\/\/signotech.com.br\/index.php?rest_route=%2Fwp%2Fv2%2Fmedia&parent=988470"}],"curies":[{"name":"wp","href":"https:\/\/api.w.org\/{rel}","templated":true}]}}